{"id":122,"date":"2023-03-01T12:10:33","date_gmt":"2023-03-01T11:10:33","guid":{"rendered":"https:\/\/www.siestech.com\/?page_id=122"},"modified":"2025-07-29T11:28:36","modified_gmt":"2025-07-29T09:28:36","slug":"mapa-del-sitio","status":"publish","type":"page","link":"https:\/\/www.siestech.com\/en\/mapa-del-sitio\/","title":{"rendered":"Site map"},"content":{"rendered":"<div data-elementor-type=\"wp-page\" data-elementor-id=\"122\" class=\"elementor elementor-122\" data-elementor-post-type=\"page\">\n\t\t\t\t\t\t<section class=\"elementor-section elementor-top-section elementor-element elementor-element-895deb8 elementor-section-boxed elementor-section-height-default elementor-section-height-default\" data-id=\"895deb8\" data-element_type=\"section\" data-e-type=\"section\">\n\t\t\t\t\t\t<div class=\"elementor-container elementor-column-gap-default\">\n\t\t\t\t\t<div class=\"elementor-column elementor-col-100 elementor-top-column elementor-element elementor-element-50dabda\" data-id=\"50dabda\" data-element_type=\"column\" data-e-type=\"column\">\n\t\t\t<div class=\"elementor-widget-wrap elementor-element-populated\">\n\t\t\t\t\t\t<div class=\"elementor-element elementor-element-4b839f1 elementor-widget elementor-widget-sitemap\" data-id=\"4b839f1\" data-element_type=\"widget\" data-e-type=\"widget\" data-widget_type=\"sitemap.default\">\n\t\t\t\t<div class=\"elementor-widget-container\">\n\t\t\t\t\t<div class=\"elementor-sitemap-wrap\"><div class=\"elementor-sitemap-section\"><h1 class=\"elementor-sitemap-title elementor-sitemap-page-title\">Site map<\/h1><ul class=\"elementor-sitemap-list elementor-sitemap-page-list\"><li class=\"elementor-sitemap-item elementor-sitemap-item-page page_item page-item-421\"><a href=\"https:\/\/www.siestech.com\/en\/\">Home<\/a><\/li><li class=\"elementor-sitemap-item elementor-sitemap-item-page page_item page-item-423\"><a href=\"https:\/\/www.siestech.com\/en\/proyectos\/\">Projects<\/a><\/li><li class=\"elementor-sitemap-item elementor-sitemap-item-page page_item page-item-425\"><a href=\"https:\/\/www.siestech.com\/en\/eficiencia-energetica\/\">Energy Efficiency<\/a><\/li><li class=\"elementor-sitemap-item elementor-sitemap-item-page page_item page-item-427\"><a href=\"https:\/\/www.siestech.com\/en\/deteccion-de-gases\/\">Gas detection<\/a><\/li><li class=\"elementor-sitemap-item elementor-sitemap-item-page page_item page-item-429\"><a href=\"https:\/\/www.siestech.com\/en\/contacto\/\">Contact<\/a><\/li><li class=\"elementor-sitemap-item elementor-sitemap-item-page page_item page-item-75\"><a href=\"https:\/\/www.siestech.com\/en\/aviso-legal\/\">Legal notice<\/a><\/li><li class=\"elementor-sitemap-item elementor-sitemap-item-page page_item page-item-35\"><a href=\"https:\/\/www.siestech.com\/en\/politica-de-privacidad\/\">Privacy Policy<\/a><\/li><li class=\"elementor-sitemap-item elementor-sitemap-item-page page_item page-item-88\"><a href=\"https:\/\/www.siestech.com\/en\/politica-de-cookies\/\">Cookie Policy<\/a><\/li><li class=\"elementor-sitemap-item elementor-sitemap-item-page page_item page-item-64\"><a href=\"https:\/\/www.siestech.com\/en\/accesibilidad\/\">Accessibility<\/a><\/li><\/ul><\/div><\/div>\t\t\t\t<\/div>\n\t\t\t\t<\/div>\n\t\t\t\t\t<\/div>\n\t\t<\/div>\n\t\t\t\t\t<\/div>\n\t\t<\/section>\n\t\t\t\t<\/div>","protected":false},"excerpt":{"rendered":"","protected":false},"author":1,"featured_media":0,"parent":0,"menu_order":10,"comment_status":"closed","ping_status":"closed","template":"","meta":{"footnotes":""},"class_list":["post-122","page","type-page","status-publish","hentry"],"yoast_head":"<!-- This site is optimized with the Yoast SEO plugin v27.4 - https:\/\/yoast.com\/product\/yoast-seo-wordpress\/ -->\n<title>Mapa del sitio - Servicios de Electricidad e Ingenier\u00eda Send\u00edn<\/title>\n<meta name=\"description\" content=\"Mapa del sitio web Servicios de Electricidad e Ingenier\u00eda Send\u00edn\" \/>\n<meta name=\"robots\" content=\"index, follow, max-snippet:-1, max-image-preview:large, max-video-preview:-1\" \/>\n<link rel=\"canonical\" href=\"https:\/\/www.siestech.com\/en\/mapa-del-sitio\/\" \/>\n<meta property=\"og:locale\" content=\"en_US\" \/>\n<meta property=\"og:type\" content=\"article\" \/>\n<meta property=\"og:title\" content=\"Mapa del sitio - Servicios de Electricidad e Ingenier\u00eda Send\u00edn\" \/>\n<meta property=\"og:description\" content=\"Mapa del sitio web Servicios de Electricidad e Ingenier\u00eda Send\u00edn\" \/>\n<meta property=\"og:url\" content=\"https:\/\/www.siestech.com\/en\/mapa-del-sitio\/\" \/>\n<meta property=\"og:site_name\" content=\"Servicios de Electricidad e Ingenier\u00eda Send\u00edn\" \/>\n<meta property=\"article:modified_time\" content=\"2025-07-29T09:28:36+00:00\" \/>\n<meta name=\"twitter:card\" content=\"summary_large_image\" \/>\n<script type=\"application\/ld+json\" class=\"yoast-schema-graph\">{\"@context\":\"https:\\\/\\\/schema.org\",\"@graph\":[{\"@type\":\"WebPage\",\"@id\":\"https:\\\/\\\/www.siestech.com\\\/mapa-del-sitio\\\/\",\"url\":\"https:\\\/\\\/www.siestech.com\\\/mapa-del-sitio\\\/\",\"name\":\"Mapa del sitio - Servicios de Electricidad e Ingenier\u00eda Send\u00edn\",\"isPartOf\":{\"@id\":\"https:\\\/\\\/www.siestech.com\\\/#website\"},\"datePublished\":\"2023-03-01T11:10:33+00:00\",\"dateModified\":\"2025-07-29T09:28:36+00:00\",\"description\":\"Mapa del sitio web Servicios de Electricidad e Ingenier\u00eda Send\u00edn\",\"breadcrumb\":{\"@id\":\"https:\\\/\\\/www.siestech.com\\\/mapa-del-sitio\\\/#breadcrumb\"},\"inLanguage\":\"en-US\",\"potentialAction\":[{\"@type\":\"ReadAction\",\"target\":[\"https:\\\/\\\/www.siestech.com\\\/mapa-del-sitio\\\/\"]}]},{\"@type\":\"BreadcrumbList\",\"@id\":\"https:\\\/\\\/www.siestech.com\\\/mapa-del-sitio\\\/#breadcrumb\",\"itemListElement\":[{\"@type\":\"ListItem\",\"position\":1,\"name\":\"Inicio\",\"item\":\"https:\\\/\\\/www.siestech.com\\\/\"},{\"@type\":\"ListItem\",\"position\":2,\"name\":\"Mapa del sitio\"}]},{\"@type\":\"WebSite\",\"@id\":\"https:\\\/\\\/www.siestech.com\\\/#website\",\"url\":\"https:\\\/\\\/www.siestech.com\\\/\",\"name\":\"Servicios de Electricidad e Ingenier\u00eda Send\u00edn\",\"description\":\"Proyectos y certificaciones energ\u00e9ticas. Venta y servicio post venta de detecci\u00f3n de gas Honeywell\",\"publisher\":{\"@id\":\"https:\\\/\\\/www.siestech.com\\\/#organization\"},\"potentialAction\":[{\"@type\":\"SearchAction\",\"target\":{\"@type\":\"EntryPoint\",\"urlTemplate\":\"https:\\\/\\\/www.siestech.com\\\/?s={search_term_string}\"},\"query-input\":{\"@type\":\"PropertyValueSpecification\",\"valueRequired\":true,\"valueName\":\"search_term_string\"}}],\"inLanguage\":\"en-US\"},{\"@type\":\"Organization\",\"@id\":\"https:\\\/\\\/www.siestech.com\\\/#organization\",\"name\":\"Servicios de Electricidad e Ingenier\u00eda Send\u00edn\",\"url\":\"https:\\\/\\\/www.siestech.com\\\/\",\"logo\":{\"@type\":\"ImageObject\",\"inLanguage\":\"en-US\",\"@id\":\"https:\\\/\\\/www.siestech.com\\\/#\\\/schema\\\/logo\\\/image\\\/\",\"url\":\"https:\\\/\\\/www.siestech.com\\\/wp-content\\\/uploads\\\/2025\\\/07\\\/logo-siestech-5.png\",\"contentUrl\":\"https:\\\/\\\/www.siestech.com\\\/wp-content\\\/uploads\\\/2025\\\/07\\\/logo-siestech-5.png\",\"width\":885,\"height\":538,\"caption\":\"Servicios de Electricidad e Ingenier\u00eda Send\u00edn\"},\"image\":{\"@id\":\"https:\\\/\\\/www.siestech.com\\\/#\\\/schema\\\/logo\\\/image\\\/\"},\"sameAs\":[\"http:\\\/\\\/www.linkedin.com\\\/in\\\/javiergsendin\"]}]}<\/script>\n<!-- \/ Yoast SEO plugin. -->","yoast_head_json":{"title":"Site Map - Electrical and Engineering Services Send\u00edn","description":"Website Map Electrical and Engineering Services Send\u00edn","robots":{"index":"index","follow":"follow","max-snippet":"max-snippet:-1","max-image-preview":"max-image-preview:large","max-video-preview":"max-video-preview:-1"},"canonical":"https:\/\/www.siestech.com\/en\/mapa-del-sitio\/","og_locale":"en_US","og_type":"article","og_title":"Mapa del sitio - Servicios de Electricidad e Ingenier\u00eda Send\u00edn","og_description":"Mapa del sitio web Servicios de Electricidad e Ingenier\u00eda Send\u00edn","og_url":"https:\/\/www.siestech.com\/en\/mapa-del-sitio\/","og_site_name":"Servicios de Electricidad e Ingenier\u00eda Send\u00edn","article_modified_time":"2025-07-29T09:28:36+00:00","twitter_card":"summary_large_image","schema":{"@context":"https:\/\/schema.org","@graph":[{"@type":"WebPage","@id":"https:\/\/www.siestech.com\/mapa-del-sitio\/","url":"https:\/\/www.siestech.com\/mapa-del-sitio\/","name":"Site Map - Electrical and Engineering Services Send\u00edn","isPartOf":{"@id":"https:\/\/www.siestech.com\/#website"},"datePublished":"2023-03-01T11:10:33+00:00","dateModified":"2025-07-29T09:28:36+00:00","description":"Website Map Electrical and Engineering Services Send\u00edn","breadcrumb":{"@id":"https:\/\/www.siestech.com\/mapa-del-sitio\/#breadcrumb"},"inLanguage":"en-US","potentialAction":[{"@type":"ReadAction","target":["https:\/\/www.siestech.com\/mapa-del-sitio\/"]}]},{"@type":"BreadcrumbList","@id":"https:\/\/www.siestech.com\/mapa-del-sitio\/#breadcrumb","itemListElement":[{"@type":"ListItem","position":1,"name":"Inicio","item":"https:\/\/www.siestech.com\/"},{"@type":"ListItem","position":2,"name":"Mapa del sitio"}]},{"@type":"WebSite","@id":"https:\/\/www.siestech.com\/#website","url":"https:\/\/www.siestech.com\/","name":"Electrical and Engineering Services Send\u00edn","description":"Energy projects and certifications. Sales and after-sales service for Honeywell gas detection systems.","publisher":{"@id":"https:\/\/www.siestech.com\/#organization"},"potentialAction":[{"@type":"SearchAction","target":{"@type":"EntryPoint","urlTemplate":"https:\/\/www.siestech.com\/?s={search_term_string}"},"query-input":{"@type":"PropertyValueSpecification","valueRequired":true,"valueName":"search_term_string"}}],"inLanguage":"en-US"},{"@type":"Organization","@id":"https:\/\/www.siestech.com\/#organization","name":"Electrical and Engineering Services Send\u00edn","url":"https:\/\/www.siestech.com\/","logo":{"@type":"ImageObject","inLanguage":"en-US","@id":"https:\/\/www.siestech.com\/#\/schema\/logo\/image\/","url":"https:\/\/www.siestech.com\/wp-content\/uploads\/2025\/07\/logo-siestech-5.png","contentUrl":"https:\/\/www.siestech.com\/wp-content\/uploads\/2025\/07\/logo-siestech-5.png","width":885,"height":538,"caption":"Servicios de Electricidad e Ingenier\u00eda Send\u00edn"},"image":{"@id":"https:\/\/www.siestech.com\/#\/schema\/logo\/image\/"},"sameAs":["http:\/\/www.linkedin.com\/in\/javiergsendin"]}]}},"_links":{"self":[{"href":"https:\/\/www.siestech.com\/en\/wp-json\/wp\/v2\/pages\/122","targetHints":{"allow":["GET"]}}],"collection":[{"href":"https:\/\/www.siestech.com\/en\/wp-json\/wp\/v2\/pages"}],"about":[{"href":"https:\/\/www.siestech.com\/en\/wp-json\/wp\/v2\/types\/page"}],"author":[{"embeddable":true,"href":"https:\/\/www.siestech.com\/en\/wp-json\/wp\/v2\/users\/1"}],"replies":[{"embeddable":true,"href":"https:\/\/www.siestech.com\/en\/wp-json\/wp\/v2\/comments?post=122"}],"version-history":[{"count":3,"href":"https:\/\/www.siestech.com\/en\/wp-json\/wp\/v2\/pages\/122\/revisions"}],"predecessor-version":[{"id":700,"href":"https:\/\/www.siestech.com\/en\/wp-json\/wp\/v2\/pages\/122\/revisions\/700"}],"wp:attachment":[{"href":"https:\/\/www.siestech.com\/en\/wp-json\/wp\/v2\/media?parent=122"}],"curies":[{"name":"wp","href":"https:\/\/api.w.org\/{rel}","templated":true}]}}