{"id":421,"date":"2025-07-08T10:51:00","date_gmt":"2025-07-08T08:51:00","guid":{"rendered":"https:\/\/www.siestech.com\/?page_id=421"},"modified":"2025-07-29T11:29:52","modified_gmt":"2025-07-29T09:29:52","slug":"inicio","status":"publish","type":"page","link":"https:\/\/www.siestech.com\/en\/","title":{"rendered":"Home"},"content":{"rendered":"<div data-elementor-type=\"wp-page\" data-elementor-id=\"421\" class=\"elementor elementor-421\" data-elementor-post-type=\"page\">\n\t\t\t\t<div class=\"elementor-element elementor-element-4164aa44 e-flex e-con-boxed e-con e-parent\" data-id=\"4164aa44\" data-element_type=\"container\" data-e-type=\"container\" data-settings=\"{&quot;background_background&quot;:&quot;classic&quot;}\">\n\t\t\t\t\t<div class=\"e-con-inner\">\n\t\t<div class=\"elementor-element elementor-element-33b2902f e-con-full e-flex e-con e-child\" data-id=\"33b2902f\" data-element_type=\"container\" data-e-type=\"container\" data-settings=\"{&quot;background_background&quot;:&quot;classic&quot;}\">\n\t\t\t\t<div class=\"elementor-element elementor-element-31ea5e2b elementor-widget elementor-widget-heading\" data-id=\"31ea5e2b\" data-element_type=\"widget\" data-e-type=\"widget\" data-widget_type=\"heading.default\">\n\t\t\t\t<div class=\"elementor-widget-container\">\n\t\t\t\t\t<div class=\"elementor-heading-title elementor-size-default\">Industrial Engineer <\/div>\t\t\t\t<\/div>\n\t\t\t\t<\/div>\n\t\t\t\t<div class=\"elementor-element elementor-element-60027793 elementor-invisible elementor-widget elementor-widget-heading\" data-id=\"60027793\" data-element_type=\"widget\" data-e-type=\"widget\" data-settings=\"{&quot;_animation&quot;:&quot;fadeInUp&quot;,&quot;_animation_delay&quot;:200}\" data-widget_type=\"heading.default\">\n\t\t\t\t<div class=\"elementor-widget-container\">\n\t\t\t\t\t<h1 class=\"elementor-heading-title elementor-size-default\">Javier Garc\u00eda Send\u00edn<\/h1>\t\t\t\t<\/div>\n\t\t\t\t<\/div>\n\t\t\t\t<div class=\"elementor-element elementor-element-7ceb261a elementor-invisible elementor-widget elementor-widget-text-editor\" data-id=\"7ceb261a\" data-element_type=\"widget\" data-e-type=\"widget\" data-settings=\"{&quot;_animation&quot;:&quot;fadeInUp&quot;,&quot;_animation_delay&quot;:300}\" data-widget_type=\"text-editor.default\">\n\t\t\t\t<div class=\"elementor-widget-container\">\n\t\t\t\t\t\t\t\t\t<p>Specialist in Electrical Systems, Energy Efficiency and Gas Detection<\/p>\t\t\t\t\t\t\t\t<\/div>\n\t\t\t\t<\/div>\n\t\t\t\t<\/div>\n\t\t\t\t\t<\/div>\n\t\t\t\t<\/div>\n\t\t<div class=\"elementor-element elementor-element-144b1c28 e-flex e-con-boxed e-con e-parent\" data-id=\"144b1c28\" data-element_type=\"container\" data-e-type=\"container\">\n\t\t\t\t\t<div class=\"e-con-inner\">\n\t\t<div class=\"elementor-element elementor-element-482656f5 e-con-full e-grid elementor-invisible e-con e-child\" data-id=\"482656f5\" data-element_type=\"container\" data-e-type=\"container\" data-settings=\"{&quot;background_background&quot;:&quot;classic&quot;,&quot;animation&quot;:&quot;fadeInUp&quot;}\">\n\t\t<div class=\"elementor-element elementor-element-6d4c3a59 e-con-full e-flex e-con e-child\" data-id=\"6d4c3a59\" data-element_type=\"container\" data-e-type=\"container\">\n\t\t\t\t<div class=\"elementor-element elementor-element-5b068fac elementor-view-framed elementor-position-inline-start elementor-tablet-position-block-start elementor-mobile-position-inline-start elementor-shape-circle elementor-widget elementor-widget-icon-box\" data-id=\"5b068fac\" data-element_type=\"widget\" data-e-type=\"widget\" data-widget_type=\"icon-box.default\">\n\t\t\t\t<div class=\"elementor-widget-container\">\n\t\t\t\t\t\t\t<div class=\"elementor-icon-box-wrapper\">\n\n\t\t\t\t\t\t<div class=\"elementor-icon-box-icon\">\n\t\t\t\t<a href=\"https:\/\/www.siestech.com\/en\/proyectos\/\" class=\"elementor-icon\" tabindex=\"-1\" aria-label=\"Projects\">\n\t\t\t\t<i aria-hidden=\"true\" class=\"icon icon-layers1\"><\/i>\t\t\t\t<\/a>\n\t\t\t<\/div>\n\t\t\t\n\t\t\t\t\t\t<div class=\"elementor-icon-box-content\">\n\n\t\t\t\t\t\t\t\t\t<h2 class=\"elementor-icon-box-title\">\n\t\t\t\t\t\t<a href=\"https:\/\/www.siestech.com\/en\/proyectos\/\" >\n\t\t\t\t\t\t\tProjects\t\t\t\t\t\t<\/a>\n\t\t\t\t\t<\/h2>\n\t\t\t\t\n\t\t\t\t\t\t\t\t\t<p class=\"elementor-icon-box-description\">\n\t\t\t\t\t\tDevelopment and automation of electrical projects in industry, mining, construction, and food.\t\t\t\t\t<\/p>\n\t\t\t\t\n\t\t\t<\/div>\n\t\t\t\n\t\t<\/div>\n\t\t\t\t\t\t<\/div>\n\t\t\t\t<\/div>\n\t\t\t\t<\/div>\n\t\t<div class=\"elementor-element elementor-element-55716d02 e-con-full e-flex e-con e-child\" data-id=\"55716d02\" data-element_type=\"container\" data-e-type=\"container\" data-settings=\"{&quot;background_background&quot;:&quot;classic&quot;}\">\n\t\t\t\t<div class=\"elementor-element elementor-element-70c22192 elementor-view-framed elementor-position-inline-start elementor-tablet-position-block-start elementor-mobile-position-inline-start elementor-shape-circle elementor-widget elementor-widget-icon-box\" data-id=\"70c22192\" data-element_type=\"widget\" data-e-type=\"widget\" data-widget_type=\"icon-box.default\">\n\t\t\t\t<div class=\"elementor-widget-container\">\n\t\t\t\t\t\t\t<div class=\"elementor-icon-box-wrapper\">\n\n\t\t\t\t\t\t<div class=\"elementor-icon-box-icon\">\n\t\t\t\t<a href=\"https:\/\/www.siestech.com\/en\/eficiencia-energetica\/\" class=\"elementor-icon\" tabindex=\"-1\" aria-label=\"Energy efficiency\">\n\t\t\t\t<i aria-hidden=\"true\" class=\"icon icon-tools\"><\/i>\t\t\t\t<\/a>\n\t\t\t<\/div>\n\t\t\t\n\t\t\t\t\t\t<div class=\"elementor-icon-box-content\">\n\n\t\t\t\t\t\t\t\t\t<h2 class=\"elementor-icon-box-title\">\n\t\t\t\t\t\t<a href=\"https:\/\/www.siestech.com\/en\/eficiencia-energetica\/\" >\n\t\t\t\t\t\t\tEnergy efficiency\t\t\t\t\t\t<\/a>\n\t\t\t\t\t<\/h2>\n\t\t\t\t\n\t\t\t\t\t\t\t\t\t<p class=\"elementor-icon-box-description\">\n\t\t\t\t\t\tEnergy certifications and audits to optimize electrical installations in all types of buildings.\t\t\t\t\t<\/p>\n\t\t\t\t\n\t\t\t<\/div>\n\t\t\t\n\t\t<\/div>\n\t\t\t\t\t\t<\/div>\n\t\t\t\t<\/div>\n\t\t\t\t<\/div>\n\t\t<div class=\"elementor-element elementor-element-4426572b e-con-full e-flex e-con e-child\" data-id=\"4426572b\" data-element_type=\"container\" data-e-type=\"container\" data-settings=\"{&quot;background_background&quot;:&quot;classic&quot;}\">\n\t\t\t\t<div class=\"elementor-element elementor-element-73e343f0 elementor-view-framed elementor-position-inline-start elementor-tablet-position-block-start elementor-mobile-position-inline-start elementor-shape-circle elementor-widget elementor-widget-icon-box\" data-id=\"73e343f0\" data-element_type=\"widget\" data-e-type=\"widget\" data-widget_type=\"icon-box.default\">\n\t\t\t\t<div class=\"elementor-widget-container\">\n\t\t\t\t\t\t\t<div class=\"elementor-icon-box-wrapper\">\n\n\t\t\t\t\t\t<div class=\"elementor-icon-box-icon\">\n\t\t\t\t<a href=\"https:\/\/www.siestech.com\/en\/deteccion-de-gases\/\" class=\"elementor-icon\" tabindex=\"-1\" aria-label=\"Gas detection\">\n\t\t\t\t<i aria-hidden=\"true\" class=\"icon icon-Support-2\"><\/i>\t\t\t\t<\/a>\n\t\t\t<\/div>\n\t\t\t\n\t\t\t\t\t\t<div class=\"elementor-icon-box-content\">\n\n\t\t\t\t\t\t\t\t\t<h2 class=\"elementor-icon-box-title\">\n\t\t\t\t\t\t<a href=\"https:\/\/www.siestech.com\/en\/deteccion-de-gases\/\" >\n\t\t\t\t\t\t\tGas detection\t\t\t\t\t\t<\/a>\n\t\t\t\t\t<\/h2>\n\t\t\t\t\n\t\t\t\t\t\t\t\t\t<p class=\"elementor-icon-box-description\">\n\t\t\t\t\t\tDesign, calibration and maintenance of fixed and portable industrial gas detection systems.\t\t\t\t\t<\/p>\n\t\t\t\t\n\t\t\t<\/div>\n\t\t\t\n\t\t<\/div>\n\t\t\t\t\t\t<\/div>\n\t\t\t\t<\/div>\n\t\t\t\t<\/div>\n\t\t\t\t<\/div>\n\t\t\t\t\t<\/div>\n\t\t\t\t<\/div>\n\t\t<div class=\"elementor-element elementor-element-e77a3db e-flex e-con-boxed e-con e-parent\" data-id=\"e77a3db\" data-element_type=\"container\" data-e-type=\"container\" data-settings=\"{&quot;background_background&quot;:&quot;classic&quot;}\">\n\t\t\t\t\t<div class=\"e-con-inner\">\n\t\t<div class=\"elementor-element elementor-element-35100e4b e-con-full e-flex elementor-invisible e-con e-child\" data-id=\"35100e4b\" data-element_type=\"container\" data-e-type=\"container\" data-settings=\"{&quot;animation&quot;:&quot;fadeInLeft&quot;}\">\n\t\t\t\t<div class=\"elementor-element elementor-element-3b30e788 elementor-widget elementor-widget-heading\" data-id=\"3b30e788\" data-element_type=\"widget\" data-e-type=\"widget\" data-widget_type=\"heading.default\">\n\t\t\t\t<div class=\"elementor-widget-container\">\n\t\t\t\t\t<div class=\"elementor-heading-title elementor-size-default\">Technical training, experience and professional commitment<\/div>\t\t\t\t<\/div>\n\t\t\t\t<\/div>\n\t\t\t\t<div class=\"elementor-element elementor-element-b44d1a2 elementor-widget elementor-widget-heading\" data-id=\"b44d1a2\" data-element_type=\"widget\" data-e-type=\"widget\" data-widget_type=\"heading.default\">\n\t\t\t\t<div class=\"elementor-widget-container\">\n\t\t\t\t\t<h2 class=\"elementor-heading-title elementor-size-default\">More than 20 years developing solutions in electrical and energy engineering<\/h2>\t\t\t\t<\/div>\n\t\t\t\t<\/div>\n\t\t\t\t<div class=\"elementor-element elementor-element-56521289 elementor-widget elementor-widget-text-editor\" data-id=\"56521289\" data-element_type=\"widget\" data-e-type=\"widget\" data-widget_type=\"text-editor.default\">\n\t\t\t\t<div class=\"elementor-widget-container\">\n\t\t\t\t\t\t\t\t\t<p><strong>Accredited technical profile in industrial engineering and gas detection:<\/strong><\/p><ul><li><span style=\"text-align: var(--text-align); font-family: var( --e-global-typography-b2ce6af-font-family ), Sans-serif; font-size: var( --e-global-typography-b2ce6af-font-size ); font-style: var( --e-global-typography-b2ce6af-font-style ); letter-spacing: var( --e-global-typography-b2ce6af-letter-spacing ); text-transform: var( --e-global-typography-b2ce6af-text-transform ); word-spacing: var( --e-global-typography-b2ce6af-word-spacing );\">Industrial Technical Engineer EUITI specializing in Electronics and Automation.\u00a0<\/span><\/li><li><span style=\"text-align: var(--text-align); font-family: var( --e-global-typography-b2ce6af-font-family ), Sans-serif; font-size: var( --e-global-typography-b2ce6af-font-size ); font-style: var( --e-global-typography-b2ce6af-font-style ); letter-spacing: var( --e-global-typography-b2ce6af-letter-spacing ); text-transform: var( --e-global-typography-b2ce6af-text-transform ); word-spacing: var( --e-global-typography-b2ce6af-word-spacing );\">Industrial Engineer ETSII specializing in Electrotechnology.\u00a0<\/span><\/li><li><span style=\"text-align: var(--text-align); font-family: var( --e-global-typography-b2ce6af-font-family ), Sans-serif; font-size: var( --e-global-typography-b2ce6af-font-size ); font-style: var( --e-global-typography-b2ce6af-font-style ); letter-spacing: var( --e-global-typography-b2ce6af-letter-spacing ); text-transform: var( --e-global-typography-b2ce6af-text-transform ); word-spacing: var( --e-global-typography-b2ce6af-word-spacing );\">Higher Technician in Energy Management and Efficiency Engineering.\u00a0<\/span><\/li><li><span style=\"text-align: var(--text-align); font-family: var( --e-global-typography-b2ce6af-font-family ), Sans-serif; font-size: var( --e-global-typography-b2ce6af-font-size ); font-style: var( --e-global-typography-b2ce6af-font-style ); letter-spacing: var( --e-global-typography-b2ce6af-letter-spacing ); text-transform: var( --e-global-typography-b2ce6af-text-transform ); word-spacing: var( --e-global-typography-b2ce6af-word-spacing );\">BW Honeywell Gas Detection Certified Technician.<\/span><\/li><\/ul><div>\u00a0<\/div><p><strong>Independent professional with more than 20 years of experience in the following fields:<\/strong><\/p><ul><li><span style=\"text-align: var(--text-align); font-family: var( --e-global-typography-b2ce6af-font-family ), Sans-serif; font-size: var( --e-global-typography-b2ce6af-font-size ); font-style: var( --e-global-typography-b2ce6af-font-style ); letter-spacing: var( --e-global-typography-b2ce6af-letter-spacing ); text-transform: var( --e-global-typography-b2ce6af-text-transform ); word-spacing: var( --e-global-typography-b2ce6af-word-spacing );\">Design and automation of electrical projects in industry, residential, food, mining, and underground construction.\u00a0<\/span><\/li><li><span style=\"text-align: var(--text-align); font-family: var( --e-global-typography-b2ce6af-font-family ), Sans-serif; font-size: var( --e-global-typography-b2ce6af-font-size ); font-style: var( --e-global-typography-b2ce6af-font-style ); letter-spacing: var( --e-global-typography-b2ce6af-letter-spacing ); text-transform: var( --e-global-typography-b2ce6af-text-transform ); word-spacing: var( --e-global-typography-b2ce6af-word-spacing );\">Energy certifications and audits in both the residential and industrial sectors\u00a0<\/span><\/li><li><span style=\"text-align: var(--text-align); font-family: var( --e-global-typography-b2ce6af-font-family ), Sans-serif; font-size: var( --e-global-typography-b2ce6af-font-size ); font-style: var( --e-global-typography-b2ce6af-font-style ); letter-spacing: var( --e-global-typography-b2ce6af-letter-spacing ); text-transform: var( --e-global-typography-b2ce6af-text-transform ); word-spacing: var( --e-global-typography-b2ce6af-word-spacing );\">Environmental control and maintenance in industrial gas detection.<\/span><\/li><\/ul>\t\t\t\t\t\t\t\t<\/div>\n\t\t\t\t<\/div>\n\t\t\t\t<\/div>\n\t\t<div class=\"elementor-element elementor-element-1f50a46 e-con-full e-flex e-con e-child\" data-id=\"1f50a46\" data-element_type=\"container\" data-e-type=\"container\" data-settings=\"{&quot;background_background&quot;:&quot;classic&quot;}\">\n\t\t\t\t<div class=\"elementor-element elementor-element-54a0fcc elementor-widget elementor-widget-spacer\" data-id=\"54a0fcc\" data-element_type=\"widget\" data-e-type=\"widget\" data-widget_type=\"spacer.default\">\n\t\t\t\t<div class=\"elementor-widget-container\">\n\t\t\t\t\t\t\t<div class=\"elementor-spacer\">\n\t\t\t<div class=\"elementor-spacer-inner\"><\/div>\n\t\t<\/div>\n\t\t\t\t\t\t<\/div>\n\t\t\t\t<\/div>\n\t\t\t\t<\/div>\n\t\t\t\t\t<\/div>\n\t\t\t\t<\/div>\n\t\t<div class=\"elementor-element elementor-element-57ba894 e-flex e-con-boxed e-con e-parent\" data-id=\"57ba894\" data-element_type=\"container\" data-e-type=\"container\" data-settings=\"{&quot;background_background&quot;:&quot;classic&quot;}\">\n\t\t\t\t\t<div class=\"e-con-inner\">\n\t\t<div class=\"elementor-element elementor-element-51ad7ae7 e-con-full e-flex e-con e-child\" data-id=\"51ad7ae7\" data-element_type=\"container\" data-e-type=\"container\">\n\t\t\t\t<div class=\"elementor-element elementor-element-7cf5adcc elementor-invisible elementor-widget elementor-widget-heading\" data-id=\"7cf5adcc\" data-element_type=\"widget\" data-e-type=\"widget\" data-settings=\"{&quot;_animation&quot;:&quot;fadeInUp&quot;,&quot;_animation_delay&quot;:200}\" data-widget_type=\"heading.default\">\n\t\t\t\t<div class=\"elementor-widget-container\">\n\t\t\t\t\t<h2 class=\"elementor-heading-title elementor-size-default\">Let&#039;s talk about your project?<\/h2>\t\t\t\t<\/div>\n\t\t\t\t<\/div>\n\t\t\t\t<div class=\"elementor-element elementor-element-5d8e3ae3 elementor-invisible elementor-widget elementor-widget-text-editor\" data-id=\"5d8e3ae3\" data-element_type=\"widget\" data-e-type=\"widget\" data-settings=\"{&quot;_animation&quot;:&quot;fadeInUp&quot;,&quot;_animation_delay&quot;:300}\" data-widget_type=\"text-editor.default\">\n\t\t\t\t<div class=\"elementor-widget-container\">\n\t\t\t\t\t\t\t\t\t<p class=\"p1\">If you need technical solutions in electrical engineering, energy efficiency, or gas detection, I&#039;m here to help. Contact me without obligation and tell me what you need.<\/p>\t\t\t\t\t\t\t\t<\/div>\n\t\t\t\t<\/div>\n\t\t\t\t<div class=\"elementor-element elementor-element-69bde7f9 elementor-invisible elementor-widget elementor-widget-button\" data-id=\"69bde7f9\" data-element_type=\"widget\" data-e-type=\"widget\" data-settings=\"{&quot;_animation&quot;:&quot;fadeInUp&quot;,&quot;_animation_delay&quot;:350}\" data-widget_type=\"button.default\">\n\t\t\t\t<div class=\"elementor-widget-container\">\n\t\t\t\t\t\t\t\t\t<div class=\"elementor-button-wrapper\">\n\t\t\t\t\t<a class=\"elementor-button elementor-button-link elementor-size-lg\" href=\"https:\/\/www.siestech.com\/en\/contacto\/\">\n\t\t\t\t\t\t<span class=\"elementor-button-content-wrapper\">\n\t\t\t\t\t\t\t\t\t<span class=\"elementor-button-text\">Contact<\/span>\n\t\t\t\t\t<\/span>\n\t\t\t\t\t<\/a>\n\t\t\t\t<\/div>\n\t\t\t\t\t\t\t\t<\/div>\n\t\t\t\t<\/div>\n\t\t\t\t<\/div>\n\t\t\t\t\t<\/div>\n\t\t\t\t<\/div>\n\t\t\t\t<\/div>","protected":false},"excerpt":{"rendered":"<p>Ingeniero Industrial Javier Garc\u00eda Send\u00edn Especialista en Sistemas El\u00e9ctricos, Eficiencia Energ\u00e9tica y Detecci\u00f3n de Gases \u00a0 Proyectos Desarrollo y automatizaci\u00f3n de proyectos el\u00e9ctricos en industria, miner\u00eda, edificaci\u00f3n y alimentaci\u00f3n. \u00a0 Eficiencia energ\u00e9tica Certificaciones y auditor\u00edas energ\u00e9ticas para optimizar instalaciones el\u00e9ctricas en todo tipo de edificios. \u00a0 Detecci\u00f3n de gases Dise\u00f1o, calibraci\u00f3n y mantenimiento de sistemas [&hellip;]<\/p>\n","protected":false},"author":1,"featured_media":0,"parent":0,"menu_order":1,"comment_status":"closed","ping_status":"closed","template":"","meta":{"footnotes":""},"class_list":["post-421","page","type-page","status-publish","hentry"],"yoast_head":"<!-- This site is optimized with the Yoast SEO plugin v27.4 - https:\/\/yoast.com\/product\/yoast-seo-wordpress\/ -->\n<title>Servicios de Electricidad e Ingenier\u00eda Send\u00edn<\/title>\n<meta name=\"description\" content=\"Ingeniero industrial con m\u00e1s de 20 a\u00f1os de experiencia en proyectos el\u00e9ctricos, eficiencia energ\u00e9tica y detecci\u00f3n de gases.\" \/>\n<meta name=\"robots\" content=\"index, follow, max-snippet:-1, max-image-preview:large, max-video-preview:-1\" \/>\n<link rel=\"canonical\" href=\"https:\/\/www.siestech.com\/en\/\" \/>\n<meta property=\"og:locale\" content=\"en_US\" \/>\n<meta property=\"og:type\" content=\"article\" \/>\n<meta property=\"og:title\" content=\"Servicios de Electricidad e Ingenier\u00eda Send\u00edn\" \/>\n<meta property=\"og:description\" content=\"Ingeniero industrial con m\u00e1s de 20 a\u00f1os de experiencia en proyectos el\u00e9ctricos, eficiencia energ\u00e9tica y detecci\u00f3n de gases.\" \/>\n<meta property=\"og:url\" content=\"https:\/\/www.siestech.com\/en\/\" \/>\n<meta property=\"og:site_name\" content=\"Servicios de Electricidad e Ingenier\u00eda Send\u00edn\" \/>\n<meta property=\"article:modified_time\" content=\"2025-07-29T09:29:52+00:00\" \/>\n<meta name=\"twitter:card\" content=\"summary_large_image\" \/>\n<script type=\"application\/ld+json\" class=\"yoast-schema-graph\">{\"@context\":\"https:\\\/\\\/schema.org\",\"@graph\":[{\"@type\":\"WebPage\",\"@id\":\"https:\\\/\\\/www.siestech.com\\\/\",\"url\":\"https:\\\/\\\/www.siestech.com\\\/\",\"name\":\"Servicios de Electricidad e Ingenier\u00eda Send\u00edn\",\"isPartOf\":{\"@id\":\"https:\\\/\\\/www.siestech.com\\\/#website\"},\"datePublished\":\"2025-07-08T08:51:00+00:00\",\"dateModified\":\"2025-07-29T09:29:52+00:00\",\"description\":\"Ingeniero industrial con m\u00e1s de 20 a\u00f1os de experiencia en proyectos el\u00e9ctricos, eficiencia energ\u00e9tica y detecci\u00f3n de gases.\",\"breadcrumb\":{\"@id\":\"https:\\\/\\\/www.siestech.com\\\/#breadcrumb\"},\"inLanguage\":\"en-US\",\"potentialAction\":[{\"@type\":\"ReadAction\",\"target\":[\"https:\\\/\\\/www.siestech.com\\\/\"]}]},{\"@type\":\"BreadcrumbList\",\"@id\":\"https:\\\/\\\/www.siestech.com\\\/#breadcrumb\",\"itemListElement\":[{\"@type\":\"ListItem\",\"position\":1,\"name\":\"Inicio\",\"item\":\"https:\\\/\\\/www.siestech.com\\\/\"},{\"@type\":\"ListItem\",\"position\":2,\"name\":\"Inicio\"}]},{\"@type\":\"WebSite\",\"@id\":\"https:\\\/\\\/www.siestech.com\\\/#website\",\"url\":\"https:\\\/\\\/www.siestech.com\\\/\",\"name\":\"Servicios de Electricidad e Ingenier\u00eda Send\u00edn\",\"description\":\"Proyectos y certificaciones energ\u00e9ticas. Venta y servicio post venta de detecci\u00f3n de gas Honeywell\",\"publisher\":{\"@id\":\"https:\\\/\\\/www.siestech.com\\\/#organization\"},\"potentialAction\":[{\"@type\":\"SearchAction\",\"target\":{\"@type\":\"EntryPoint\",\"urlTemplate\":\"https:\\\/\\\/www.siestech.com\\\/?s={search_term_string}\"},\"query-input\":{\"@type\":\"PropertyValueSpecification\",\"valueRequired\":true,\"valueName\":\"search_term_string\"}}],\"inLanguage\":\"en-US\"},{\"@type\":\"Organization\",\"@id\":\"https:\\\/\\\/www.siestech.com\\\/#organization\",\"name\":\"Servicios de Electricidad e Ingenier\u00eda Send\u00edn\",\"url\":\"https:\\\/\\\/www.siestech.com\\\/\",\"logo\":{\"@type\":\"ImageObject\",\"inLanguage\":\"en-US\",\"@id\":\"https:\\\/\\\/www.siestech.com\\\/#\\\/schema\\\/logo\\\/image\\\/\",\"url\":\"https:\\\/\\\/www.siestech.com\\\/wp-content\\\/uploads\\\/2025\\\/07\\\/logo-siestech-5.png\",\"contentUrl\":\"https:\\\/\\\/www.siestech.com\\\/wp-content\\\/uploads\\\/2025\\\/07\\\/logo-siestech-5.png\",\"width\":885,\"height\":538,\"caption\":\"Servicios de Electricidad e Ingenier\u00eda Send\u00edn\"},\"image\":{\"@id\":\"https:\\\/\\\/www.siestech.com\\\/#\\\/schema\\\/logo\\\/image\\\/\"},\"sameAs\":[\"http:\\\/\\\/www.linkedin.com\\\/in\\\/javiergsendin\"]}]}<\/script>\n<!-- \/ Yoast SEO plugin. -->","yoast_head_json":{"title":"Electrical and Engineering Services Send\u00edn","description":"Industrial engineer with more than 20 years of experience in electrical projects, energy efficiency, and gas detection.","robots":{"index":"index","follow":"follow","max-snippet":"max-snippet:-1","max-image-preview":"max-image-preview:large","max-video-preview":"max-video-preview:-1"},"canonical":"https:\/\/www.siestech.com\/en\/","og_locale":"en_US","og_type":"article","og_title":"Servicios de Electricidad e Ingenier\u00eda Send\u00edn","og_description":"Ingeniero industrial con m\u00e1s de 20 a\u00f1os de experiencia en proyectos el\u00e9ctricos, eficiencia energ\u00e9tica y detecci\u00f3n de gases.","og_url":"https:\/\/www.siestech.com\/en\/","og_site_name":"Servicios de Electricidad e Ingenier\u00eda Send\u00edn","article_modified_time":"2025-07-29T09:29:52+00:00","twitter_card":"summary_large_image","schema":{"@context":"https:\/\/schema.org","@graph":[{"@type":"WebPage","@id":"https:\/\/www.siestech.com\/","url":"https:\/\/www.siestech.com\/","name":"Electrical and Engineering Services Send\u00edn","isPartOf":{"@id":"https:\/\/www.siestech.com\/#website"},"datePublished":"2025-07-08T08:51:00+00:00","dateModified":"2025-07-29T09:29:52+00:00","description":"Industrial engineer with more than 20 years of experience in electrical projects, energy efficiency, and gas detection.","breadcrumb":{"@id":"https:\/\/www.siestech.com\/#breadcrumb"},"inLanguage":"en-US","potentialAction":[{"@type":"ReadAction","target":["https:\/\/www.siestech.com\/"]}]},{"@type":"BreadcrumbList","@id":"https:\/\/www.siestech.com\/#breadcrumb","itemListElement":[{"@type":"ListItem","position":1,"name":"Inicio","item":"https:\/\/www.siestech.com\/"},{"@type":"ListItem","position":2,"name":"Inicio"}]},{"@type":"WebSite","@id":"https:\/\/www.siestech.com\/#website","url":"https:\/\/www.siestech.com\/","name":"Electrical and Engineering Services Send\u00edn","description":"Energy projects and certifications. Sales and after-sales service for Honeywell gas detection systems.","publisher":{"@id":"https:\/\/www.siestech.com\/#organization"},"potentialAction":[{"@type":"SearchAction","target":{"@type":"EntryPoint","urlTemplate":"https:\/\/www.siestech.com\/?s={search_term_string}"},"query-input":{"@type":"PropertyValueSpecification","valueRequired":true,"valueName":"search_term_string"}}],"inLanguage":"en-US"},{"@type":"Organization","@id":"https:\/\/www.siestech.com\/#organization","name":"Electrical and Engineering Services Send\u00edn","url":"https:\/\/www.siestech.com\/","logo":{"@type":"ImageObject","inLanguage":"en-US","@id":"https:\/\/www.siestech.com\/#\/schema\/logo\/image\/","url":"https:\/\/www.siestech.com\/wp-content\/uploads\/2025\/07\/logo-siestech-5.png","contentUrl":"https:\/\/www.siestech.com\/wp-content\/uploads\/2025\/07\/logo-siestech-5.png","width":885,"height":538,"caption":"Servicios de Electricidad e Ingenier\u00eda Send\u00edn"},"image":{"@id":"https:\/\/www.siestech.com\/#\/schema\/logo\/image\/"},"sameAs":["http:\/\/www.linkedin.com\/in\/javiergsendin"]}]}},"_links":{"self":[{"href":"https:\/\/www.siestech.com\/en\/wp-json\/wp\/v2\/pages\/421","targetHints":{"allow":["GET"]}}],"collection":[{"href":"https:\/\/www.siestech.com\/en\/wp-json\/wp\/v2\/pages"}],"about":[{"href":"https:\/\/www.siestech.com\/en\/wp-json\/wp\/v2\/types\/page"}],"author":[{"embeddable":true,"href":"https:\/\/www.siestech.com\/en\/wp-json\/wp\/v2\/users\/1"}],"replies":[{"embeddable":true,"href":"https:\/\/www.siestech.com\/en\/wp-json\/wp\/v2\/comments?post=421"}],"version-history":[{"count":47,"href":"https:\/\/www.siestech.com\/en\/wp-json\/wp\/v2\/pages\/421\/revisions"}],"predecessor-version":[{"id":701,"href":"https:\/\/www.siestech.com\/en\/wp-json\/wp\/v2\/pages\/421\/revisions\/701"}],"wp:attachment":[{"href":"https:\/\/www.siestech.com\/en\/wp-json\/wp\/v2\/media?parent=421"}],"curies":[{"name":"wp","href":"https:\/\/api.w.org\/{rel}","templated":true}]}}